{"id":2222,"date":"2023-06-15T14:27:42","date_gmt":"2023-06-15T17:27:42","guid":{"rendered":"http:\/\/celan.com.br\/site\/?page_id=2222"},"modified":"2023-07-21T15:31:01","modified_gmt":"2023-07-21T18:31:01","slug":"credito-carbono","status":"publish","type":"page","link":"https:\/\/celan.com.br\/site\/credito-carbono\/","title":{"rendered":"CREDITO CARBONO"},"content":{"rendered":"<p><div class=\"fusion-fullwidth fullwidth-box fusion-builder-row-1 fusion-flex-container fusion-parallax-none nonhundred-percent-fullwidth non-hundred-percent-height-scrolling lazyload\" style=\"background-color: var(--awb-color2);background-position: center center;background-repeat: no-repeat;border-width: 0px 0px 0px 0px;border-color:var(--awb-color2);border-style:solid;-webkit-background-size:cover;-moz-background-size:cover;-o-background-size:cover;background-size:cover;\" data-bg=\"http:\/\/celan.com.br\/site\/wp-content\/uploads\/2018\/02\/bg2.jpg\" ><div class=\"fusion-builder-row fusion-row fusion-flex-align-items-flex-start fusion-flex-justify-content-center\" style=\"max-width:calc( 1180px + 0px );margin-left: calc(-0px \/ 2 );margin-right: calc(-0px \/ 2 );\"><div class=\"fusion-layout-column fusion_builder_column fusion-builder-column-0 fusion_builder_column_2_3 2_3 fusion-flex-column fusion-animated\" data-animationType=\"zoomIn\" data-animationDuration=\"0.9\" data-animationOffset=\"top-into-view\"><div class=\"fusion-column-wrapper fusion-flex-justify-content-flex-start fusion-content-layout-column\" style=\"background-position:left top;background-blend-mode: overlay;background-repeat:no-repeat;-webkit-background-size:cover;-moz-background-size:cover;-o-background-size:cover;background-size:cover;padding: 0px 0px 0px 0px;\"><style type=\"text\/css\">@media only screen and (max-width:1000px) {.fusion-title.fusion-title-1{margin-top:15px!important; margin-right:0px!important;margin-bottom:15px!important;margin-left:0px!important;}}@media only screen and (max-width:640px) {.fusion-title.fusion-title-1{margin-top:0px!important; margin-right:0px!important;margin-bottom:20px!important; margin-left:0px!important;}}<\/style><div class=\"fusion-title title fusion-title-1 fusion-sep-none fusion-title-center fusion-title-text fusion-title-size-one\" style=\"margin-top:15px;margin-right:0px;margin-bottom:15px;margin-left:0px;\"><h1 class=\"title-heading-center fusion-responsive-typography-calculated\" style=\"margin:0;--fontSize:68;line-height:var(--awb-typography1-line-height);\"><span style=\"color: var(--awb-color7);\">CR\u00c9DITO DE CARBONO<\/span><\/h1><\/div><\/div><style type=\"text\/css\">.fusion-body .fusion-builder-column-0{width:66.666666666667% !important;margin-top : 85px;margin-bottom : 60px;}.fusion-builder-column-0 > .fusion-column-wrapper {padding-top : 0px !important;padding-right : 0px !important;margin-right : 0px;padding-bottom : 0px !important;padding-left : 0px !important;margin-left : 0px;}@media only screen and (max-width:1000px) {.fusion-body .fusion-builder-column-0{width:100% !important;}.fusion-builder-column-0 > .fusion-column-wrapper {margin-right : 0px;margin-left : 0px;}}@media only screen and (max-width:640px) {.fusion-body .fusion-builder-column-0{width:100% !important;}.fusion-builder-column-0 > .fusion-column-wrapper {margin-right : 0px;margin-left : 0px;}}<\/style><\/div><div class=\"fusion-layout-column fusion_builder_column fusion-builder-column-1 fusion_builder_column_1_1 1_1 fusion-flex-column\"><div class=\"fusion-column-wrapper fusion-flex-justify-content-center fusion-content-layout-column\" style=\"background-position:left top;background-blend-mode: overlay;background-repeat:no-repeat;-webkit-background-size:cover;-moz-background-size:cover;-o-background-size:cover;background-size:cover;padding: 0px 0px 0px 0px;\"><div class=\"fusion-section-separator section-separator big-half-circle fusion-section-separator-1\"><div class=\"fusion-section-separator-svg\" style=\"padding:0;\"><svg class=\"fusion-big-half-circle-candy\" xmlns=\"http:\/\/www.w3.org\/2000\/svg\" version=\"1.1\" width=\"100%\" height=\"100\" viewBox=\"0 0 100 100\" preserveAspectRatio=\"none\" style=\"padding:0;\" fill=\"rgba(51,54,69,1)\"><path d=\"M0 100 C40 0 60 0 100 100 Z\"><\/path><\/svg><\/div><div class=\"fusion-section-separator-spacer\"><div class=\"fusion-section-separator-spacer-height\" style=\"height:99px;\"><\/div><\/div><style type=\"text\/css\">.fusion-section-separator-1 .fusion-section-separator-svg {margin-left:0px;margin-right:0px;}@media only screen and (max-width:1000px) {.fusion-section-separator-1 .fusion-section-separator-svg {margin-left:0px;margin-right:0px;}}@media only screen and (max-width:640px) {.fusion-section-separator-1 .fusion-section-separator-svg {margin-left:0px;margin-right:0px;}}<\/style><\/div><\/div><style type=\"text\/css\">.fusion-body .fusion-builder-column-1{width:100% !important;margin-top : 0px;margin-bottom : 0px;}.fusion-builder-column-1 > .fusion-column-wrapper {padding-top : 0px !important;padding-right : 0px !important;margin-right : 0px;padding-bottom : 0px !important;padding-left : 0px !important;margin-left : 0px;}@media only screen and (max-width:1000px) {.fusion-body .fusion-builder-column-1{width:100% !important;}.fusion-builder-column-1 > .fusion-column-wrapper {margin-right : 0px;margin-left : 0px;}}@media only screen and (max-width:640px) {.fusion-body .fusion-builder-column-1{width:100% !important;}.fusion-builder-column-1 > .fusion-column-wrapper {margin-right : 0px;margin-left : 0px;}}<\/style><\/div><\/div><style type=\"text\/css\">.fusion-body .fusion-flex-container.fusion-builder-row-1{ padding-top : 45px;margin-top : 0px;padding-right : 0px;padding-bottom : 0px;margin-bottom : 0px;padding-left : 0px;}<\/style><\/div><div class=\"fusion-fullwidth fullwidth-box fusion-builder-row-2 fusion-flex-container fusion-parallax-none nonhundred-percent-fullwidth non-hundred-percent-height-scrolling lazyload\" style=\"background-color: var(--awb-color7);background-position: center center;background-repeat: no-repeat;border-width: 0px 0px 0px 0px;border-color:var(--awb-color2);border-style:solid;-webkit-background-size:cover;-moz-background-size:cover;-o-background-size:cover;background-size:cover;\" data-bg=\"http:\/\/celan.com.br\/site\/wp-content\/uploads\/2018\/02\/about_dark.jpg\" ><div class=\"fusion-builder-row fusion-row fusion-flex-align-items-stretch\" style=\"max-width:1227.2px;margin-left: calc(-4% \/ 2 );margin-right: calc(-4% \/ 2 );\"><div class=\"fusion-layout-column fusion_builder_column fusion-builder-column-2 fusion_builder_column_1_6 1_6 fusion-flex-column fusion-no-small-visibility fusion-animated\" data-animationType=\"zoomIn\" data-animationDuration=\"0.9\" data-animationOffset=\"top-into-view\"><div class=\"fusion-column-wrapper fusion-flex-justify-content-flex-start fusion-content-layout-column\" style=\"background-position:left top;background-blend-mode: overlay;background-repeat:no-repeat;-webkit-background-size:cover;-moz-background-size:cover;-o-background-size:cover;background-size:cover;padding: 0px 0px 0px 0px;\"><\/div><style type=\"text\/css\">.fusion-body .fusion-builder-column-2{width:16.666666666667% !important;margin-top : 15px;margin-bottom : 15px;}.fusion-builder-column-2 > .fusion-column-wrapper {padding-top : 0px !important;padding-right : 0px !important;margin-right : 11.52%;padding-bottom : 0px !important;padding-left : 0px !important;margin-left : 11.52%;}@media only screen and (max-width:1000px) {.fusion-body .fusion-builder-column-2{width:100% !important;}.fusion-builder-column-2 > .fusion-column-wrapper {margin-right : 1.92%;margin-left : 1.92%;}}@media only screen and (max-width:640px) {.fusion-body .fusion-builder-column-2{width:100% !important;}.fusion-builder-column-2 > .fusion-column-wrapper {margin-right : 1.92%;margin-left : 1.92%;}}<\/style><\/div><div class=\"fusion-layout-column fusion_builder_column fusion-builder-column-3 fusion_builder_column_2_3 2_3 fusion-flex-column fusion-animated\" data-animationType=\"zoomIn\" data-animationDuration=\"0.9\" data-animationOffset=\"top-into-view\"><div class=\"fusion-column-wrapper fusion-flex-justify-content-flex-start fusion-content-layout-column\" style=\"background-position:left top;background-blend-mode: overlay;background-repeat:no-repeat;-webkit-background-size:cover;-moz-background-size:cover;-o-background-size:cover;background-size:cover;padding: 0px 0px 0px 0px;\"><div class=\"fusion-text fusion-text-1\"><p>O cr\u00e9dito de carbono \u00e9 um instrumento financeiro utilizado no combate \u00e0s mudan\u00e7as clim\u00e1ticas e na redu\u00e7\u00e3o das emiss\u00f5es de gases de efeito estufa. \u00c9 uma ferramenta que visa incentivar a ado\u00e7\u00e3o de pr\u00e1ticas mais sustent\u00e1veis \u200b\u200be a mitiga\u00e7\u00e3o dos impactos ambientais causados pelas atividades humanas.<\/p>\n<p>O princ\u00edpio b\u00e1sico por tr\u00e1s do cr\u00e9dito de carbono \u00e9 o seguinte: empresas, organiza\u00e7\u00f5es ou at\u00e9 mesmo pa\u00edses que conseguem reduzir suas emiss\u00f5es de gases de efeito estufa al\u00e9m das metas estabelecidas podem gerar cr\u00e9ditos de carbono. Esses cr\u00e9ditos representam uma redu\u00e7\u00e3o verificada e certificada de uma tonelada de di\u00f3xido de carbono (CO2) ou de outros gases que contribuem para o aquecimento global.<\/p>\n<p>Esses cr\u00e9ditos de carbono podem ser comercializados e transferidos para outras entidades que tenham dificuldade em atingir suas metas de redu\u00e7\u00e3o de emiss\u00f5es. Essas entidades, ao adquirirem cr\u00e9ditos de carbono, podem compensar parte de suas emiss\u00f5es, contribuindo para a neutraliza\u00e7\u00e3o ou compensa\u00e7\u00e3o do impacto ambiental causado por suas atividades.<\/p>\n<p>Ao investir em projetos de redu\u00e7\u00e3o de emiss\u00f5es, como a implanta\u00e7\u00e3o de tecnologias mais eficientes, o uso de energias renov\u00e1veis ou a prote\u00e7\u00e3o de florestas, \u00e9 poss\u00edvel gerar cr\u00e9ditos de carbono. Esses projetos s\u00e3o avaliados por padr\u00f5es e metodologias internacionais para garantir sua integridade e efic\u00e1cia.<\/p>\n<p>Al\u00e9m de estimular a redu\u00e7\u00e3o de emiss\u00f5es, o cr\u00e9dito de carbono tamb\u00e9m promove o desenvolvimento sustent\u00e1vel, impulsionando a economia verde e a gera\u00e7\u00e3o de empregos na \u00e1rea de projetos de mitiga\u00e7\u00e3o. Tamb\u00e9m incentiva a transfer\u00eancia de tecnologia e conhecimento entre pa\u00edses, favorecendo a coopera\u00e7\u00e3o internacional em prol da sustentabilidade.<\/p>\n<p>Os cr\u00e9ditos de carbono desempenham um papel fundamental na transi\u00e7\u00e3o para uma economia de baixo carbono e na busca pela neutralidade de carbono. Eles oferecem uma abordagem pr\u00e1tica e vi\u00e1vel para enfrentar os desafios das mudan\u00e7as clim\u00e1ticas, ao mesmo tempo em que fomentam a inova\u00e7\u00e3o e a conscientiza\u00e7\u00e3o sobre a import\u00e2ncia da redu\u00e7\u00e3o das emiss\u00f5es de gases de efeito estufa.<\/p>\n<p>\u00c9 importante ressaltar que o cr\u00e9dito de carbono n\u00e3o \u00e9 uma solu\u00e7\u00e3o definitiva para as mudan\u00e7as clim\u00e1ticas, mas \u00e9 um mecanismo eficiente para incentivar a\u00e7\u00f5es concretas de redu\u00e7\u00e3o de emiss\u00f5es. Ele complementa os esfor\u00e7os de mitiga\u00e7\u00e3o e adapta\u00e7\u00e3o, fortalecendo a resposta global \u00e0s quest\u00f5es clim\u00e1ticas e promovendo a transi\u00e7\u00e3o para uma economia sustent\u00e1vel e de baixo carbono.<\/p>\n<\/div><div class=\"fusion-separator\" style=\"align-self: center;margin-left: auto;margin-right: auto;margin-bottom:20px;width:100%;max-width:24%;\"><\/div><div style=\"text-align:center;\"><style>.fusion-body .fusion-button.button-1{border-radius:2px 2px 2px 2px;}<\/style><a class=\"fusion-button button-flat fusion-button-default-size button-default button-1 fusion-button-span-no fusion-button-default-type\" target=\"_self\" href=\"https:\/\/cdm.unfccc.int\/UserManagement\/FileStorage\/WQ5B1H287RTSPFK90OZL3YME4NCDGX\"><span class=\"fusion-button-text\">CREDITO CARBONO<\/span><\/a><\/div><\/div><style type=\"text\/css\">.fusion-body .fusion-builder-column-3{width:66.666666666667% !important;margin-top : 80px;margin-bottom : 60px;}.fusion-builder-column-3 > .fusion-column-wrapper {padding-top : 0px !important;padding-right : 0px !important;margin-right : 2.88%;padding-bottom : 0px !important;padding-left : 0px !important;margin-left : 2.88%;}@media only screen and (max-width:1000px) {.fusion-body .fusion-builder-column-3{width:100% !important;}.fusion-builder-column-3 > .fusion-column-wrapper {margin-right : 1.92%;margin-left : 1.92%;}}@media only screen and (max-width:640px) {.fusion-body .fusion-builder-column-3{width:100% !important;}.fusion-builder-column-3 > .fusion-column-wrapper {margin-right : 1.92%;margin-left : 1.92%;}}<\/style><\/div><div class=\"fusion-layout-column fusion_builder_column fusion-builder-column-4 fusion_builder_column_1_6 1_6 fusion-flex-column fusion-no-small-visibility fusion-animated\" data-animationType=\"zoomIn\" data-animationDuration=\"0.9\" data-animationOffset=\"top-into-view\"><div class=\"fusion-column-wrapper fusion-flex-justify-content-flex-start fusion-content-layout-column\" style=\"background-position:left top;background-blend-mode: overlay;background-repeat:no-repeat;-webkit-background-size:cover;-moz-background-size:cover;-o-background-size:cover;background-size:cover;padding: 0px 0px 0px 0px;\"><\/div><style type=\"text\/css\">.fusion-body .fusion-builder-column-4{width:16.666666666667% !important;margin-top : 15px;margin-bottom : 15px;}.fusion-builder-column-4 > .fusion-column-wrapper {padding-top : 0px !important;padding-right : 0px !important;margin-right : 11.52%;padding-bottom : 0px !important;padding-left : 0px !important;margin-left : 11.52%;}@media only screen and (max-width:1000px) {.fusion-body .fusion-builder-column-4{width:100% !important;}.fusion-builder-column-4 > .fusion-column-wrapper {margin-right : 1.92%;margin-left : 1.92%;}}@media only screen and (max-width:640px) {.fusion-body .fusion-builder-column-4{width:100% !important;}.fusion-builder-column-4 > .fusion-column-wrapper {margin-right : 1.92%;margin-left : 1.92%;}}<\/style><\/div><\/div><style type=\"text\/css\">.fusion-body .fusion-flex-container.fusion-builder-row-2{ padding-top : 40px;margin-top : 0px;padding-right : 0px;padding-bottom : 70px;margin-bottom : 0px;padding-left : 0px;}<\/style><\/div><\/p>\n","protected":false},"excerpt":{"rendered":"","protected":false},"author":1,"featured_media":0,"parent":0,"menu_order":0,"comment_status":"closed","ping_status":"closed","template":"100-width.php","meta":{"_bbp_topic_count":0,"_bbp_reply_count":0,"_bbp_total_topic_count":0,"_bbp_total_reply_count":0,"_bbp_voice_count":0,"_bbp_anonymous_reply_count":0,"_bbp_topic_count_hidden":0,"_bbp_reply_count_hidden":0,"_bbp_forum_subforum_count":0,"footnotes":""},"class_list":["post-2222","page","type-page","status-publish","hentry"],"_links":{"self":[{"href":"https:\/\/celan.com.br\/site\/wp-json\/wp\/v2\/pages\/2222","targetHints":{"allow":["GET"]}}],"collection":[{"href":"https:\/\/celan.com.br\/site\/wp-json\/wp\/v2\/pages"}],"about":[{"href":"https:\/\/celan.com.br\/site\/wp-json\/wp\/v2\/types\/page"}],"author":[{"embeddable":true,"href":"https:\/\/celan.com.br\/site\/wp-json\/wp\/v2\/users\/1"}],"replies":[{"embeddable":true,"href":"https:\/\/celan.com.br\/site\/wp-json\/wp\/v2\/comments?post=2222"}],"version-history":[{"count":13,"href":"https:\/\/celan.com.br\/site\/wp-json\/wp\/v2\/pages\/2222\/revisions"}],"predecessor-version":[{"id":2457,"href":"https:\/\/celan.com.br\/site\/wp-json\/wp\/v2\/pages\/2222\/revisions\/2457"}],"wp:attachment":[{"href":"https:\/\/celan.com.br\/site\/wp-json\/wp\/v2\/media?parent=2222"}],"curies":[{"name":"wp","href":"https:\/\/api.w.org\/{rel}","templated":true}]}}